{"id":73098,"date":"2018-02-04T20:47:42","date_gmt":"2018-02-04T18:47:42","guid":{"rendered":"https:\/\/www.carputec.com\/fifi\/?page_id=73098"},"modified":"2018-09-02T19:30:10","modified_gmt":"2018-09-02T16:30:10","slug":"cnc","status":"publish","type":"page","link":"https:\/\/www.carputec.com\/fi\/cnc\/","title":{"rendered":"CNC jyrsint\u00e4 \/ Laserkaiverrus"},"content":{"rendered":"<div class=\"wpb-content-wrapper\"><p>[vc_row][vc_column width=&#8221;1\/1&#8243;][vc_column_text text_lead=&#8221;yes&#8221; css_animation=&#8221;left-t-right&#8221;]Carputec tarjoaa CNC-jyrsint\u00e4\u00e4 tai laserkaiverruksia pienimuotoisessa tuotannossa yksitt\u00e4isist\u00e4 prototyypeist\u00e4 sarjatuotantoon. CNC-ohjattulla jyrsinn\u00e4ll\u00e4 saat korkean tarkkuuden ja ty\u00f6 on helppo toistaa ty\u00f6t\u00e4. Carputec voi jyrsi\u00e4 kevytmetalleja, puuta ja muovia.<\/p>\n<p>Tekniset tiedot:<br \/>\nX-max: 300mm<br \/>\nY-max: 400mm (ty\u00f6kappale voi olla suurempi)<br \/>\nZ-max: 70mm<\/p>\n<p>Ota yhteytt\u00e4 alla jos sinulla on kysytt\u00e4v\u00e4\u00e4 CNC-t\u00f6ist\u00e4.[\/vc_column_text][vc_gallery el_id=&#8221;gallery-166438&#8243; type=&#8221;justified&#8221; medias=&#8221;73191&#8243; explode_albums=&#8221;yes&#8221; justify_row_height=&#8221;250&#8243; gutter_size=&#8221;2&#8243; single_overlay_opacity=&#8221;50&#8243; single_padding=&#8221;2&#8243;][\/vc_column][\/vc_row][vc_row][vc_column width=&#8221;1\/1&#8243;][uncode_block id=&#8221;73139&#8243;][\/vc_column][\/vc_row]<\/p>\n<\/div>","protected":false},"excerpt":{"rendered":"<p>[vc_row][vc_column width=&#8221;1\/1&#8243;][vc_column_text text_lead=&#8221;yes&#8221; css_animation=&#8221;left-t-right&#8221;]Carputec tarjoaa CNC-jyrsint\u00e4\u00e4 tai laserkaiverruksia pienimuotoisessa tuotannossa yksitt\u00e4isist\u00e4 prototyypeist\u00e4 sarjatuotantoon. CNC-ohjattulla jyrsinn\u00e4ll\u00e4 saat korkean tarkkuuden ja ty\u00f6 [&hellip;]<\/p>\n","protected":false},"author":1,"featured_media":72923,"parent":0,"menu_order":0,"comment_status":"closed","ping_status":"closed","template":"","meta":{"footnotes":""},"class_list":["post-73098","page","type-page","status-publish","has-post-thumbnail","hentry","page_category-tjanster"],"_links":{"self":[{"href":"https:\/\/www.carputec.com\/fi\/wp-json\/wp\/v2\/pages\/73098","targetHints":{"allow":["GET"]}}],"collection":[{"href":"https:\/\/www.carputec.com\/fi\/wp-json\/wp\/v2\/pages"}],"about":[{"href":"https:\/\/www.carputec.com\/fi\/wp-json\/wp\/v2\/types\/page"}],"author":[{"embeddable":true,"href":"https:\/\/www.carputec.com\/fi\/wp-json\/wp\/v2\/users\/1"}],"replies":[{"embeddable":true,"href":"https:\/\/www.carputec.com\/fi\/wp-json\/wp\/v2\/comments?post=73098"}],"version-history":[{"count":2,"href":"https:\/\/www.carputec.com\/fi\/wp-json\/wp\/v2\/pages\/73098\/revisions"}],"predecessor-version":[{"id":74427,"href":"https:\/\/www.carputec.com\/fi\/wp-json\/wp\/v2\/pages\/73098\/revisions\/74427"}],"wp:featuredmedia":[{"embeddable":true,"href":"https:\/\/www.carputec.com\/fi\/wp-json\/wp\/v2\/media\/72923"}],"wp:attachment":[{"href":"https:\/\/www.carputec.com\/fi\/wp-json\/wp\/v2\/media?parent=73098"}],"curies":[{"name":"wp","href":"https:\/\/api.w.org\/{rel}","templated":true}]}}