{"id":73080,"date":"2018-02-04T15:26:31","date_gmt":"2018-02-04T13:26:31","guid":{"rendered":"https:\/\/www.carputec.com\/fifi\/?page_id=73080"},"modified":"2018-09-02T19:35:08","modified_gmt":"2018-09-02T16:35:08","slug":"ohjelmistokehitys","status":"publish","type":"page","link":"https:\/\/www.carputec.com\/fi\/ohjelmistokehitys\/","title":{"rendered":"Ohjelmistokehitys"},"content":{"rendered":"<div class=\"wpb-content-wrapper\"><p>[vc_row][vc_column width=&#8221;1\/1&#8243;][vc_column_text text_lead=&#8221;yes&#8221; css_animation=&#8221;left-t-right&#8221;]Onko sinulla ohjelmistoideoita mutta ei tietotaitoa niitten toteuttamiseen? Haluatko uudet kotisivut?<\/p>\n<p>Apu l\u00f6ytyy Carputecilt\u00e4.<\/p>\n<p>Carputec tekee kokonaan asiakkaalle sovellettuja ratkaisuja kuten kotisivuja tietokantatuella ja Windows-ohjelmia asiakkaan toiveiden mukaan.<\/p>\n<p>K\u00e4yt\u00e4mme t\u00e4ll\u00e4 hetkell\u00e4 seuraavia konekieli\u00e4;<\/p>\n<p>&#8211; HTML<br \/>\n&#8211; PHP<br \/>\n&#8211; ASP \/ ASP.Net<br \/>\n&#8211; C &#8211;\u00a0perhe (C, C++, C#)<br \/>\n&#8211; VB \/ VB.Net<br \/>\n&#8211; Javascript<\/p>\n<p>Tietokannat\u00a0joita k\u00e4yt\u00e4mme:<\/p>\n<p>&#8211; MySQL<br \/>\n&#8211; SQL<br \/>\n&#8211; PostgreSQL<br \/>\n&#8211; Microsoft Access<\/p>\n<p>Asiakkaille tehtyj\u00e4:<\/p>\n<p>&#8211; FilCenter<br \/>\n&#8211; Hinnasto<br \/>\n&#8211; Polttoaineen kulutus -tietokanta[\/vc_column_text][vc_custom_heading heading_semantic=&#8221;h1&#8243; text_size=&#8221;fontsize-155944&#8243; text_height=&#8221;fontheight-179065&#8243; text_space=&#8221;fontspace-781688&#8243; text_font=&#8221;font-329340&#8243; text_weight=&#8221;300&#8243; css_animation=&#8221;top-t-bottom&#8221;]Oletko aloittamassa uutta projektia?[\/vc_custom_heading][vc_custom_heading text_size=&#8221;h3&#8243; text_height=&#8221;fontheight-357766&#8243; text_space=&#8221;fontspace-781688&#8243; text_font=&#8221;font-329340&#8243; text_weight=&#8221;300&#8243; mobile_visibility=&#8221;yes&#8221; css_animation=&#8221;bottom-t-top&#8221; animation_delay=&#8221;300&#8243;]Skicka en f\u00f6rfr\u00e5gan s\u00e5 hj\u00e4lper vi er p\u00e5 v\u00e4gen.[\/vc_custom_heading][vc_empty_space empty_h=&#8221;0&#8243; mobile_visibility=&#8221;yes&#8221;]\n<div class=\"wpcf7 no-js\" id=\"wpcf7-f73026-o1\" lang=\"en-US\" dir=\"ltr\" data-wpcf7-id=\"73026\">\n<div class=\"screen-reader-response\"><p role=\"status\" aria-live=\"polite\" aria-atomic=\"true\"><\/p> <ul><\/ul><\/div>\n<form action=\"\/fi\/wp-json\/wp\/v2\/pages\/73080#wpcf7-f73026-o1\" method=\"post\" class=\"wpcf7-form init\" aria-label=\"Contact form\" novalidate=\"novalidate\" data-status=\"init\">\n<fieldset class=\"hidden-fields-container\"><input type=\"hidden\" name=\"_wpcf7\" value=\"73026\" \/><input type=\"hidden\" name=\"_wpcf7_version\" value=\"6.1.5\" \/><input type=\"hidden\" name=\"_wpcf7_locale\" value=\"en_US\" \/><input type=\"hidden\" name=\"_wpcf7_unit_tag\" value=\"wpcf7-f73026-o1\" \/><input type=\"hidden\" name=\"_wpcf7_container_post\" value=\"0\" \/><input type=\"hidden\" name=\"_wpcf7_posted_data_hash\" value=\"\" \/><input type=\"hidden\" name=\"_wpcf7_recaptcha_response\" value=\"\" \/>\n<\/fieldset>\n<div class=\"wpcf7-inline-wrapper\">\n\t<p class=\"wpcf7-inline-field\"><span class=\"wpcf7-form-control-wrap\" data-name=\"email\"><input size=\"40\" maxlength=\"400\" class=\"wpcf7-form-control wpcf7-email wpcf7-validates-as-required wpcf7-text wpcf7-validates-as-email form-xl\" aria-required=\"true\" aria-invalid=\"false\" placeholder=\"S-posti (pakollinen)\" value=\"\" type=\"email\" name=\"email\" \/><\/span>\n\t<\/p>\n\t<p class=\"wpcf7-inline-field\"><span class=\"wpcf7-form-control-wrap\" data-name=\"phone\"><input size=\"40\" maxlength=\"400\" class=\"wpcf7-form-control wpcf7-text form-xl\" aria-invalid=\"false\" placeholder=\"Puhelinnumero\" value=\"\" type=\"text\" name=\"phone\" \/><\/span>\n\t<\/p>\n<\/div>\n<p class=\"wpcf7-inline-field\"><span class=\"wpcf7-form-control-wrap\" data-name=\"message\"><textarea cols=\"40\" rows=\"10\" maxlength=\"2000\" class=\"wpcf7-form-control wpcf7-textarea form-xl\" aria-invalid=\"false\" placeholder=\"Viesti\" name=\"message\"><\/textarea><\/span>\n<\/p>\n<div class=\"wpcf7-inline-wrapper\">\n\t<p class=\"wpcf7-field\"><br \/>\n<input class=\"wpcf7-form-control wpcf7-submit has-spinner btn btn-accent btn-lg btn-flat btn-shadow-sm form-fluid\" type=\"submit\" value=\"L\u00e4het\u00e4\" \/>\n\t<\/p>\n\t<p class=\"wpcf7-field\" style=\"text-align: center; font-style: italic;font-weight: normal;\"><br \/>\ntai\n\t<\/p>\n\t<p class=\"wpcf7-field\" style=\"margin-top: 5px;\"><br \/>\n<a href=\"tel:+358407061706\" class=\"btn btn-accent btn-lg btn-flat btn-shadow-sm\" style=\"width: 100% !important;margin-top: 5px !important;-webkit-transform: scale(1);-moz-transform: scale(1);-o-transform: scale(1);-ms-transform: scale(1);transform: scale(1);\">Soita<\/a>\n\t<\/p>\n\t<p class=\"wpcf7-field\" style=\"text-align: center; font-style: italic;font-weight: normal;\"><br \/>\ntai\n\t<\/p>\n\t<p class=\"wpcf7-field\" style=\"margin-top: 5px;\"><br \/>\n<a href=\"https:\/\/wa.me\/358407061706\" class=\"btn btn-accent btn-lg btn-flat btn-shadow-sm\" style=\"width: 100% !important;margin-top: 5px !important;-webkit-transform: scale(1);-moz-transform: scale(1);-o-transform: scale(1);-ms-transform: scale(1);transform: scale(1);\">L\u00e4het\u00e4 Whatsapp viesti<\/a>\n\t<\/p>\n<\/div><div class=\"wpcf7-response-output\" aria-hidden=\"true\"><\/div>\n<\/form>\n<\/div>\n[\/vc_column][\/vc_row]<\/p>\n<\/div>","protected":false},"excerpt":{"rendered":"<p>[vc_row][vc_column width=&#8221;1\/1&#8243;][vc_column_text text_lead=&#8221;yes&#8221; css_animation=&#8221;left-t-right&#8221;]Onko sinulla ohjelmistoideoita mutta ei tietotaitoa niitten toteuttamiseen? Haluatko uudet kotisivut? Apu l\u00f6ytyy Carputecilt\u00e4. Carputec tekee kokonaan [&hellip;]<\/p>\n","protected":false},"author":1,"featured_media":73087,"parent":0,"menu_order":0,"comment_status":"closed","ping_status":"closed","template":"","meta":{"footnotes":""},"class_list":["post-73080","page","type-page","status-publish","has-post-thumbnail","hentry","page_category-tjanster"],"_links":{"self":[{"href":"https:\/\/www.carputec.com\/fi\/wp-json\/wp\/v2\/pages\/73080","targetHints":{"allow":["GET"]}}],"collection":[{"href":"https:\/\/www.carputec.com\/fi\/wp-json\/wp\/v2\/pages"}],"about":[{"href":"https:\/\/www.carputec.com\/fi\/wp-json\/wp\/v2\/types\/page"}],"author":[{"embeddable":true,"href":"https:\/\/www.carputec.com\/fi\/wp-json\/wp\/v2\/users\/1"}],"replies":[{"embeddable":true,"href":"https:\/\/www.carputec.com\/fi\/wp-json\/wp\/v2\/comments?post=73080"}],"version-history":[{"count":2,"href":"https:\/\/www.carputec.com\/fi\/wp-json\/wp\/v2\/pages\/73080\/revisions"}],"predecessor-version":[{"id":74431,"href":"https:\/\/www.carputec.com\/fi\/wp-json\/wp\/v2\/pages\/73080\/revisions\/74431"}],"wp:featuredmedia":[{"embeddable":true,"href":"https:\/\/www.carputec.com\/fi\/wp-json\/wp\/v2\/media\/73087"}],"wp:attachment":[{"href":"https:\/\/www.carputec.com\/fi\/wp-json\/wp\/v2\/media?parent=73080"}],"curies":[{"name":"wp","href":"https:\/\/api.w.org\/{rel}","templated":true}]}}