{"id":73061,"date":"2018-02-04T15:09:59","date_gmt":"2018-02-04T13:09:59","guid":{"rendered":"https:\/\/www.carputec.com\/fifi\/?page_id=73061"},"modified":"2019-10-27T14:39:10","modified_gmt":"2019-10-27T12:39:10","slug":"led-naytot","status":"publish","type":"page","link":"https:\/\/www.carputec.com\/fi\/led-naytot\/","title":{"rendered":"LED n\u00e4yt\u00f6t"},"content":{"rendered":"<div class=\"wpb-content-wrapper\"><p>[vc_row][vc_column width=&#8221;1\/1&#8243;][vc_column_text css_animation=&#8221;left-t-right&#8221;]Tarvitsetko LED-n\u00e4ytt\u00f6\u00e4? Suuri tai pieni, voimme todenn\u00e4k\u00f6isesti auttaa sinua.<\/p>\n<p>Carputec tarjoaa LED-n\u00e4ytt\u00f6j\u00e4, joissa on sis\u00e4\u00e4nrakennettu kello, sekuntikello, ajastin, l\u00e4mp\u00f6tilamittaus, jonoj\u00e4rjestelm\u00e4 ja paljon muuta. L\u00e4het\u00e4 pyynt\u00f6 ja autamme sinua.[\/vc_column_text][vc_gallery el_id=&#8221;gallery-120226&#8243; type=&#8221;justified&#8221; random=&#8221;yes&#8221; medias=&#8221;73064&#8243; explode_albums=&#8221;yes&#8221; justify_row_height=&#8221;250&#8243; gutter_size=&#8221;2&#8243; media_items=&#8221;media|lightbox|original&#8221; single_overlay_opacity=&#8221;50&#8243; single_padding=&#8221;2&#8243;][\/vc_column][\/vc_row][vc_row row_height_percent=&#8221;0&#8243; overlay_alpha=&#8221;50&#8243; gutter_size=&#8221;3&#8243; column_width_percent=&#8221;100&#8243; shift_y=&#8221;0&#8243; z_index=&#8221;0&#8243;][vc_column width=&#8221;1\/1&#8243;][uncode_block id=&#8221;73139&#8243; inside_column=&#8221;yes&#8221;][\/vc_column][\/vc_row]<\/p>\n<\/div>","protected":false},"excerpt":{"rendered":"<p>[vc_row][vc_column width=&#8221;1\/1&#8243;][vc_column_text css_animation=&#8221;left-t-right&#8221;]Tarvitsetko LED-n\u00e4ytt\u00f6\u00e4? Suuri tai pieni, voimme todenn\u00e4k\u00f6isesti auttaa sinua. Carputec tarjoaa LED-n\u00e4ytt\u00f6j\u00e4, joissa on sis\u00e4\u00e4nrakennettu kello, sekuntikello, ajastin, [&hellip;]<\/p>\n","protected":false},"author":1,"featured_media":72983,"parent":0,"menu_order":0,"comment_status":"closed","ping_status":"closed","template":"","meta":{"footnotes":""},"class_list":["post-73061","page","type-page","status-publish","has-post-thumbnail","hentry","page_category-produkter"],"_links":{"self":[{"href":"https:\/\/www.carputec.com\/fi\/wp-json\/wp\/v2\/pages\/73061","targetHints":{"allow":["GET"]}}],"collection":[{"href":"https:\/\/www.carputec.com\/fi\/wp-json\/wp\/v2\/pages"}],"about":[{"href":"https:\/\/www.carputec.com\/fi\/wp-json\/wp\/v2\/types\/page"}],"author":[{"embeddable":true,"href":"https:\/\/www.carputec.com\/fi\/wp-json\/wp\/v2\/users\/1"}],"replies":[{"embeddable":true,"href":"https:\/\/www.carputec.com\/fi\/wp-json\/wp\/v2\/comments?post=73061"}],"version-history":[{"count":2,"href":"https:\/\/www.carputec.com\/fi\/wp-json\/wp\/v2\/pages\/73061\/revisions"}],"predecessor-version":[{"id":90907,"href":"https:\/\/www.carputec.com\/fi\/wp-json\/wp\/v2\/pages\/73061\/revisions\/90907"}],"wp:featuredmedia":[{"embeddable":true,"href":"https:\/\/www.carputec.com\/fi\/wp-json\/wp\/v2\/media\/72983"}],"wp:attachment":[{"href":"https:\/\/www.carputec.com\/fi\/wp-json\/wp\/v2\/media?parent=73061"}],"curies":[{"name":"wp","href":"https:\/\/api.w.org\/{rel}","templated":true}]}}