{"id":72910,"date":"2018-02-04T12:12:32","date_gmt":"2018-02-04T10:12:32","guid":{"rendered":"https:\/\/www.carputec.com\/fifi\/?page_id=72910"},"modified":"2025-09-06T12:19:58","modified_gmt":"2025-09-06T09:19:58","slug":"ajanottolaitteisto","status":"publish","type":"page","link":"https:\/\/www.carputec.com\/fi\/ajanottolaitteisto\/","title":{"rendered":"Ajanottolaitteisto"},"content":{"rendered":"<div class=\"wpb-content-wrapper\"><p>[vc_row][vc_column width=&#8221;1\/1&#8243;][vc_column_text css_animation=&#8221;left-t-right&#8221; uncode_shortcode_id=&#8221;200680&#8243;]Carputec on yhteisty\u00f6ss\u00e4 Botnic Agility Club r.y.:n kanssa kehitt\u00e4nyt elektronisen ajanottoj\u00e4rjestelm\u00e4n jonka t\u00e4rkeimm\u00e4t ominaisuudet<br \/>\nolisivat ajanoton sek\u00e4 tarkkuus ett\u00e4 aika n\u00e4ytett\u00e4isiin isolla n\u00e4yt\u00f6ll\u00e4, jotta yleis\u00f6 helposti voisi seurata kilpailun kulkua.<\/p>\n<p>Ajanottoj\u00e4rjestelm\u00e4 testattiin ensimm\u00e4ist\u00e4 kertaa 18.9.2010 BAC\u00b4in virallisissa agility kilpailuissa hyvin tuloksin, vain kahdessa l\u00e4hd\u00f6ss\u00e4 240:st\u00e4 j\u00e4rjestelm\u00e4 ei reagoinut sateen vuoksi (vesipisaroita sensori\/heijastinpinnoilla).<\/p>\n<p>T\u00e4m\u00e4n j\u00e4lkeen ajanottoj\u00e4rjestelm\u00e4\u00e4 on ollut k\u00e4yt\u00f6ss\u00e4 eri yhdistysten j\u00e4rjest\u00e4miss\u00e4 kilpailuissa,<strong>\u00a0yhteens\u00e4 yli 10000 l\u00e4ht\u00f6\u00e4<\/strong>\u00a0hyvill\u00e4 tuloksilla.<\/p>\n<p>L\u00e4ht\u00f6\/maali tolpat ovat eritt\u00e4in yksinkertaisia ottaa k\u00e4ytt\u00f6\u00f6n, testip\u00e4iv\u00e4mme useimmassa radanrakennuksessa tolpat<br \/>\nnostettin paikoillensa ilman erityist\u00e4 asettelua, pelk\u00e4st\u00e4\u00e4n kohdistus ja kaikki oli valmiina kilpailua varten.<br \/>\nTolpat ovat rakennettu identtisiksi ettei olisi v\u00e4li\u00e4 kumpaa k\u00e4ytet\u00e4\u00e4n l\u00e4hd\u00f6ss\u00e4\/maalissa, ts. kun rata muutetaan niin ett\u00e4<br \/>\nl\u00e4hd\u00f6n ja maalin paikkoja vaidetaan kesken\u00e4\u00e4n ei tarvitse tehd\u00e4 muuta kuin vaihtaa johtojen paikkoja kytkent\u00e4rasiassa<br \/>\njoka on n\u00e4yt\u00f6n yhteydess\u00e4.<\/p>\n<p>Ajanottoj\u00e4rjestelm\u00e4 koostuu seuraavista osista:<br \/>\n&#8211; Suurinumeroinen n\u00e4ytt\u00f6 (saatavana 4, 6, 10 tuumaa korkein numeroin) jalustalla. N\u00e4yt\u00f6ss\u00e4 lis\u00e4ksi valmiiksi sis\u00e4\u00e4nrakennettuna<br \/>\ntavallinen kello ja h\u00e4lytyskello.<br \/>\n&#8211; L\u00e4ht\u00f6\/maali tolpat (2paria), parit koostuen 6:sta sensorista heijastimella niin ett\u00e4 kaikki kokoluokat rekister\u00f6id\u00e4\u00e4n<br \/>\nmuuttamatta mit\u00e4\u00e4n asetuksia.<br \/>\n&#8211; Langallinen kauko-ohjain ajanoton manuaaliseen start\/stop\/reset, sek\u00e4 n\u00e4yt\u00f6n vaihtoon (tav. kello \/ajanotto)<br \/>\n&#8211; Kaapelointi. Kaapelipituudet t\u00e4ysin asiakkaan toiveiden mukaan.<br \/>\n&#8211; K\u00e4ytt\u00e4j\u00e4koulutus.<\/p>\n<p><strong>K\u00e4ytt\u00f6valmiin ajanottoj\u00e4rjestelm\u00e4n hinta alkaen 2190\u20ac sis alv, lis\u00e4tiedot saat <a href=\"#ota-yhteytta\">ottamalla yhteytt\u00e4<\/a>\u00a0meihin.<\/strong><\/p>\n<p>Carputec p\u00e4ivitt\u00e4\u00e4 teid\u00e4n jo olemassa olevat ajanottolatteet yleis\u00f6yst\u00e4v\u00e4llisell\u00e4 isolla n\u00e4yt\u00f6ll\u00e4 tai jos tarvitsette useampia sensoreita<br \/>\nv\u00e4ltt\u00e4\u00e4ksenne s\u00e4\u00e4t\u00f6j\u00e4 eri kokoluokkien takia tai s\u00e4\u00e4lt\u00e4 suojattuja tolppia sensoreille.[\/vc_column_text][vc_gallery el_id=&#8221;gallery-120226&#8243; type=&#8221;justified&#8221; random=&#8221;yes&#8221; medias=&#8221;72970&#8243; explode_albums=&#8221;yes&#8221; justify_row_height=&#8221;250&#8243; gutter_size=&#8221;2&#8243; media_items=&#8221;media|lightbox|original&#8221; single_overlay_opacity=&#8221;50&#8243; single_padding=&#8221;2&#8243;][\/vc_column][\/vc_row][vc_row row_height_percent=&#8221;0&#8243; override_padding=&#8221;yes&#8221; h_padding=&#8221;5&#8243; top_padding=&#8221;4&#8243; bottom_padding=&#8221;3&#8243; back_image=&#8221;72884&#8243; overlay_color=&#8221;color-210407&#8243; overlay_alpha=&#8221;80&#8243; gutter_size=&#8221;3&#8243; column_width_percent=&#8221;100&#8243; shift_y=&#8221;0&#8243; z_index=&#8221;0&#8243;][vc_column width=&#8221;1\/1&#8243;][vc_row_inner row_inner_height_percent=&#8221;0&#8243; overlay_alpha=&#8221;50&#8243; gutter_size=&#8221;3&#8243; shift_y=&#8221;0&#8243; z_index=&#8221;0&#8243;][vc_column_inner column_width_use_pixel=&#8221;yes&#8221; position_vertical=&#8221;middle&#8221; align_horizontal=&#8221;align_center&#8221; gutter_size=&#8221;3&#8243; style=&#8221;dark&#8221; overlay_alpha=&#8221;50&#8243; shift_x=&#8221;0&#8243; shift_y=&#8221;0&#8243; shift_y_down=&#8221;0&#8243; z_index=&#8221;0&#8243; medium_width=&#8221;0&#8243; mobile_width=&#8221;0&#8243; width=&#8221;1\/1&#8243; column_width_pixel=&#8221;900&#8243;][vc_custom_heading heading_semantic=&#8221;h1&#8243; text_font=&#8221;font-329340&#8243; text_size=&#8221;fontsize-445851&#8243; text_weight=&#8221;300&#8243; text_height=&#8221;fontheight-179065&#8243; text_space=&#8221;fontspace-781688&#8243; css_animation=&#8221;top-t-bottom&#8221;]Kiinnostunut?[\/vc_custom_heading][\/vc_column_inner][\/vc_row_inner][vc_row_inner row_inner_height_percent=&#8221;0&#8243; overlay_alpha=&#8221;50&#8243; gutter_size=&#8221;3&#8243; shift_y=&#8221;0&#8243; z_index=&#8221;0&#8243;][vc_column_inner column_width_use_pixel=&#8221;yes&#8221; position_vertical=&#8221;middle&#8221; align_horizontal=&#8221;align_center&#8221; gutter_size=&#8221;3&#8243; style=&#8221;dark&#8221; overlay_alpha=&#8221;50&#8243; shift_x=&#8221;0&#8243; shift_y=&#8221;0&#8243; shift_y_down=&#8221;0&#8243; z_index=&#8221;0&#8243; medium_width=&#8221;0&#8243; mobile_width=&#8221;0&#8243; width=&#8221;1\/1&#8243; column_width_pixel=&#8221;740&#8243;][vc_custom_heading text_font=&#8221;font-329340&#8243; text_size=&#8221;h3&#8243; text_weight=&#8221;300&#8243; text_height=&#8221;fontheight-357766&#8243; text_space=&#8221;fontspace-781688&#8243; css_animation=&#8221;bottom-t-top&#8221; animation_delay=&#8221;300&#8243; mobile_visibility=&#8221;yes&#8221;]L\u00e4het\u00e4 yhtedenotto pyynt\u00f6 niin kerromme lis\u00e4\u00e4.[\/vc_custom_heading][vc_empty_space empty_h=&#8221;0&#8243; mobile_visibility=&#8221;yes&#8221;]\n<div class=\"wpcf7 no-js\" id=\"wpcf7-f73026-o1\" lang=\"en-US\" dir=\"ltr\" data-wpcf7-id=\"73026\">\n<div class=\"screen-reader-response\"><p role=\"status\" aria-live=\"polite\" aria-atomic=\"true\"><\/p> <ul><\/ul><\/div>\n<form action=\"\/fi\/wp-json\/wp\/v2\/pages\/72910#wpcf7-f73026-o1\" method=\"post\" class=\"wpcf7-form init\" aria-label=\"Contact form\" novalidate=\"novalidate\" data-status=\"init\">\n<fieldset class=\"hidden-fields-container\"><input type=\"hidden\" name=\"_wpcf7\" value=\"73026\" \/><input type=\"hidden\" name=\"_wpcf7_version\" value=\"6.1.5\" \/><input type=\"hidden\" name=\"_wpcf7_locale\" value=\"en_US\" \/><input type=\"hidden\" name=\"_wpcf7_unit_tag\" value=\"wpcf7-f73026-o1\" \/><input type=\"hidden\" name=\"_wpcf7_container_post\" value=\"0\" \/><input type=\"hidden\" name=\"_wpcf7_posted_data_hash\" value=\"\" \/><input type=\"hidden\" name=\"_wpcf7_recaptcha_response\" value=\"\" \/>\n<\/fieldset>\n<div class=\"wpcf7-inline-wrapper\">\n\t<p class=\"wpcf7-inline-field\"><span class=\"wpcf7-form-control-wrap\" data-name=\"email\"><input size=\"40\" maxlength=\"400\" class=\"wpcf7-form-control wpcf7-email wpcf7-validates-as-required wpcf7-text wpcf7-validates-as-email form-xl\" aria-required=\"true\" aria-invalid=\"false\" placeholder=\"S-posti (pakollinen)\" value=\"\" type=\"email\" name=\"email\" \/><\/span>\n\t<\/p>\n\t<p class=\"wpcf7-inline-field\"><span class=\"wpcf7-form-control-wrap\" data-name=\"phone\"><input size=\"40\" maxlength=\"400\" class=\"wpcf7-form-control wpcf7-text form-xl\" aria-invalid=\"false\" placeholder=\"Puhelinnumero\" value=\"\" type=\"text\" name=\"phone\" \/><\/span>\n\t<\/p>\n<\/div>\n<p class=\"wpcf7-inline-field\"><span class=\"wpcf7-form-control-wrap\" data-name=\"message\"><textarea cols=\"40\" rows=\"10\" maxlength=\"2000\" class=\"wpcf7-form-control wpcf7-textarea form-xl\" aria-invalid=\"false\" placeholder=\"Viesti\" name=\"message\"><\/textarea><\/span>\n<\/p>\n<div class=\"wpcf7-inline-wrapper\">\n\t<p class=\"wpcf7-field\"><br \/>\n<input class=\"wpcf7-form-control wpcf7-submit has-spinner btn btn-accent btn-lg btn-flat btn-shadow-sm form-fluid\" type=\"submit\" value=\"L\u00e4het\u00e4\" \/>\n\t<\/p>\n\t<p class=\"wpcf7-field\" style=\"text-align: center; font-style: italic;font-weight: normal;\"><br \/>\ntai\n\t<\/p>\n\t<p class=\"wpcf7-field\" style=\"margin-top: 5px;\"><br \/>\n<a href=\"tel:+358407061706\" class=\"btn btn-accent btn-lg btn-flat btn-shadow-sm\" style=\"width: 100% !important;margin-top: 5px !important;-webkit-transform: scale(1);-moz-transform: scale(1);-o-transform: scale(1);-ms-transform: scale(1);transform: scale(1);\">Soita<\/a>\n\t<\/p>\n\t<p class=\"wpcf7-field\" style=\"text-align: center; font-style: italic;font-weight: normal;\"><br \/>\ntai\n\t<\/p>\n\t<p class=\"wpcf7-field\" style=\"margin-top: 5px;\"><br \/>\n<a href=\"https:\/\/wa.me\/358407061706\" class=\"btn btn-accent btn-lg btn-flat btn-shadow-sm\" style=\"width: 100% !important;margin-top: 5px !important;-webkit-transform: scale(1);-moz-transform: scale(1);-o-transform: scale(1);-ms-transform: scale(1);transform: scale(1);\">L\u00e4het\u00e4 Whatsapp viesti<\/a>\n\t<\/p>\n<\/div><div class=\"wpcf7-response-output\" aria-hidden=\"true\"><\/div>\n<\/form>\n<\/div>\n[\/vc_column_inner][\/vc_row_inner][\/vc_column][\/vc_row]<\/p>\n<\/div>","protected":false},"excerpt":{"rendered":"<p>[vc_row][vc_column width=&#8221;1\/1&#8243;][vc_column_text css_animation=&#8221;left-t-right&#8221; uncode_shortcode_id=&#8221;200680&#8243;]Carputec on yhteisty\u00f6ss\u00e4 Botnic Agility Club r.y.:n kanssa kehitt\u00e4nyt elektronisen ajanottoj\u00e4rjestelm\u00e4n jonka t\u00e4rkeimm\u00e4t ominaisuudet olisivat ajanoton sek\u00e4 [&hellip;]<\/p>\n","protected":false},"author":1,"featured_media":0,"parent":0,"menu_order":0,"comment_status":"closed","ping_status":"closed","template":"","meta":{"footnotes":""},"class_list":["post-72910","page","type-page","status-publish","hentry","page_category-produkter"],"_links":{"self":[{"href":"https:\/\/www.carputec.com\/fi\/wp-json\/wp\/v2\/pages\/72910","targetHints":{"allow":["GET"]}}],"collection":[{"href":"https:\/\/www.carputec.com\/fi\/wp-json\/wp\/v2\/pages"}],"about":[{"href":"https:\/\/www.carputec.com\/fi\/wp-json\/wp\/v2\/types\/page"}],"author":[{"embeddable":true,"href":"https:\/\/www.carputec.com\/fi\/wp-json\/wp\/v2\/users\/1"}],"replies":[{"embeddable":true,"href":"https:\/\/www.carputec.com\/fi\/wp-json\/wp\/v2\/comments?post=72910"}],"version-history":[{"count":4,"href":"https:\/\/www.carputec.com\/fi\/wp-json\/wp\/v2\/pages\/72910\/revisions"}],"predecessor-version":[{"id":91036,"href":"https:\/\/www.carputec.com\/fi\/wp-json\/wp\/v2\/pages\/72910\/revisions\/91036"}],"wp:attachment":[{"href":"https:\/\/www.carputec.com\/fi\/wp-json\/wp\/v2\/media?parent=72910"}],"curies":[{"name":"wp","href":"https:\/\/api.w.org\/{rel}","templated":true}]}}