{"id":65550,"date":"2017-08-30T11:33:14","date_gmt":"2017-08-30T08:33:14","guid":{"rendered":"https:\/\/www.undsgn.com\/uncode\/?page_id=65550"},"modified":"2025-09-08T15:54:26","modified_gmt":"2025-09-08T12:54:26","slug":"classic-firm","status":"publish","type":"page","link":"https:\/\/www.carputec.com\/fi\/","title":{"rendered":"Carputec"},"content":{"rendered":"<div class=\"wpb-content-wrapper\"><p>[vc_row unlock_row_content=&#8221;yes&#8221; row_height_percent=&#8221;10&#8243; override_padding=&#8221;yes&#8221; h_padding=&#8221;7&#8243; top_padding=&#8221;6&#8243; bottom_padding=&#8221;6&#8243; back_color=&#8221;color-rgdb&#8221; overlay_alpha=&#8221;50&#8243; equal_height=&#8221;yes&#8221; gutter_size=&#8221;0&#8243; column_width_percent=&#8221;100&#8243; shift_y=&#8221;0&#8243; z_index=&#8221;0&#8243; el_class=&#8221;gradient portfolio&#8221; row_name=&#8221;Tuotteet&#8221; uncode_shortcode_id=&#8221;149108&#8243; back_color_type=&#8221;uncode-palette&#8221; shape_dividers=&#8221;&#8221;][vc_column column_width_percent=&#8221;100&#8243; position_vertical=&#8221;middle&#8221; align_horizontal=&#8221;align_center&#8221; gutter_size=&#8221;4&#8243; override_padding=&#8221;yes&#8221; column_padding=&#8221;0&#8243; style=&#8221;dark&#8221; overlay_alpha=&#8221;50&#8243; shift_x=&#8221;0&#8243; shift_y=&#8221;0&#8243; shift_y_down=&#8221;0&#8243; z_index=&#8221;0&#8243; medium_width=&#8221;0&#8243; mobile_width=&#8221;0&#8243; css_animation=&#8221;alpha-anim&#8221; width=&#8221;1\/1&#8243;][vc_custom_heading text_font=&#8221;font-329340&#8243; text_size=&#8221;h1&#8243; text_weight=&#8221;700&#8243; text_transform=&#8221;uppercase&#8221; text_space=&#8221;fontspace-781688&#8243; css_animation=&#8221;left-t-right&#8221;]Palvelut ja tuotteet[\/vc_custom_heading][uncode_index el_id=&#8221;index-48561198980&#8243; loop=&#8221;size:12|order_by:modified|post_type:page|tax_query:109,112|taxonomy_count:10&#8243; auto_query=&#8221;yes&#8221; infinite=&#8221;yes&#8221; gutter_size=&#8221;2&#8243; page_items=&#8221;media|media|onpost|poster,title,text|full|100&#8243; portfolio_items=&#8221;media|featured|onpost|original,icon|md,title,link|default&#8221; screen_lg=&#8221;1000&#8243; screen_md=&#8221;600&#8243; screen_sm=&#8221;480&#8243; single_text=&#8221;overlay&#8221; single_overlay_opacity=&#8221;50&#8243; single_text_visible=&#8221;yes&#8221; single_text_anim_type=&#8221;btt&#8221; single_image_magnetic=&#8221;yes&#8221; single_h_align=&#8221;center&#8221; single_padding=&#8221;2&#8243; single_title_dimension=&#8221;h3&#8243; single_title_weight=&#8221;700&#8243; single_title_transform=&#8221;uppercase&#8221; single_shadow=&#8221;yes&#8221; shadow_weight=&#8221;xl&#8221; shadow_darker=&#8221;yes&#8221; single_border=&#8221;yes&#8221; single_css_animation=&#8221;right-t-left&#8221; post_matrix=&#8221;matrix&#8221; matrix_items=&#8221;e30=&#8221; single_icon=&#8221;fa fa-plus2&#8243; uncode_shortcode_id=&#8221;179391&#8243;][\/vc_column][\/vc_row][vc_row row_height_percent=&#8221;0&#8243; override_padding=&#8221;yes&#8221; h_padding=&#8221;0&#8243; top_padding=&#8221;6&#8243; bottom_padding=&#8221;6&#8243; back_color=&#8221;color-xsdn&#8221; overlay_alpha=&#8221;80&#8243; gutter_size=&#8221;100&#8243; column_width_percent=&#8221;100&#8243; shift_y=&#8221;0&#8243; z_index=&#8221;0&#8243; style=&#8221;inherited&#8221; row_name=&#8221;Carputec&#8221; uncode_shortcode_id=&#8221;407428&#8243; back_color_type=&#8221;uncode-palette&#8221;][vc_column column_width_percent=&#8221;100&#8243; position_vertical=&#8221;middle&#8221; align_horizontal=&#8221;align_center&#8221; gutter_size=&#8221;4&#8243; overlay_alpha=&#8221;100&#8243; shift_x=&#8221;0&#8243; shift_y=&#8221;0&#8243; shift_y_down=&#8221;0&#8243; z_index=&#8221;0&#8243; medium_width=&#8221;0&#8243; mobile_width=&#8221;0&#8243; zoom_width=&#8221;0&#8243; zoom_height=&#8221;0&#8243; width=&#8221;1\/1&#8243;][vc_row_inner][vc_column_inner column_width_use_pixel=&#8221;yes&#8221; align_horizontal=&#8221;align_center&#8221; gutter_size=&#8221;3&#8243; overlay_alpha=&#8221;50&#8243; shift_x=&#8221;0&#8243; shift_y=&#8221;0&#8243; shift_y_down=&#8221;0&#8243; z_index=&#8221;0&#8243; medium_width=&#8221;0&#8243; mobile_width=&#8221;0&#8243; css_animation=&#8221;alpha-anim&#8221; width=&#8221;1\/1&#8243; column_width_pixel=&#8221;780&#8243;][vc_custom_heading text_color=&#8221;color-prif&#8221; text_font=&#8221;font-329340&#8243; text_weight=&#8221;300&#8243; text_height=&#8221;fontheight-357766&#8243; text_space=&#8221;fontspace-781688&#8243; css_animation=&#8221;left-t-right&#8221; uncode_shortcode_id=&#8221;210655&#8243; text_color_type=&#8221;uncode-palette&#8221;]Carputec on yritys joka on erikoistunut ajanottolaitteistoon, puhelin huoltoon, tietokoneisiin ja autoihin sek\u00e4 niitten yhdistelmiin.<\/p>\n<p>&nbsp;<\/p>\n<p>Carputec perustettiin kev\u00e4\u00e4ll\u00e4 2010, sijaintina Karper\u00f6, Suomi.[\/vc_custom_heading][vc_custom_heading text_color=&#8221;color-prif&#8221; text_font=&#8221;font-329340&#8243; text_weight=&#8221;300&#8243; text_height=&#8221;fontheight-357766&#8243; text_space=&#8221;fontspace-781688&#8243; css_animation=&#8221;right-t-left&#8221; animation_delay=&#8221;200&#8243;]Carputec on eritt\u00e4in joustava pieni yritys, teemme kaiken asiakkaan toiveitten mukaisesti, lains\u00e4\u00e4d\u00e4nn\u00f6n mukaisesti![\/vc_custom_heading][vc_custom_heading text_color=&#8221;color-prif&#8221; text_font=&#8221;font-329340&#8243; text_weight=&#8221;300&#8243; text_height=&#8221;fontheight-357766&#8243; text_space=&#8221;fontspace-781688&#8243; css_animation=&#8221;left-t-right&#8221; animation_delay=&#8221;400&#8243;]<a href=\"#ota-yhteytta\">Ota yhteytt\u00e4<\/a> meihin kun sinulla on ongelma johon uskoisit ett\u00e4 meill\u00e4 on ratkaisu.[\/vc_custom_heading][\/vc_column_inner][\/vc_row_inner][\/vc_column][\/vc_row][vc_row row_height_percent=&#8221;100&#8243; override_padding=&#8221;yes&#8221; h_padding=&#8221;0&#8243; top_padding=&#8221;6&#8243; bottom_padding=&#8221;6&#8243; back_image=&#8221;74477&#8243; parallax=&#8221;yes&#8221; overlay_color=&#8221;color-105898&#8243; overlay_alpha=&#8221;85&#8243; equal_height=&#8221;yes&#8221; gutter_size=&#8221;0&#8243; column_width_use_pixel=&#8221;yes&#8221; shift_y=&#8221;0&#8243; z_index=&#8221;0&#8243; row_custom_slug_check=&#8221;yes&#8221; row_name=&#8221;Ota yhteytt\u00e4&#8221; row_custom_slug=&#8221;ota-yhteytta&#8221; uncode_shortcode_id=&#8221;908313&#8243; overlay_color_type=&#8221;uncode-palette&#8221;][vc_column column_width_use_pixel=&#8221;yes&#8221; position_vertical=&#8221;middle&#8221; align_horizontal=&#8221;align_center&#8221; gutter_size=&#8221;3&#8243; style=&#8221;dark&#8221; overlay_alpha=&#8221;50&#8243; shift_x=&#8221;0&#8243; shift_y=&#8221;0&#8243; shift_y_down=&#8221;0&#8243; z_index=&#8221;0&#8243; medium_width=&#8221;0&#8243; mobile_width=&#8221;0&#8243; width=&#8221;1\/1&#8243;][vc_row_inner row_inner_height_percent=&#8221;0&#8243; overlay_alpha=&#8221;50&#8243; gutter_size=&#8221;3&#8243; shift_y=&#8221;0&#8243; z_index=&#8221;0&#8243;][vc_column_inner column_width_use_pixel=&#8221;yes&#8221; position_vertical=&#8221;middle&#8221; align_horizontal=&#8221;align_center&#8221; gutter_size=&#8221;3&#8243; style=&#8221;dark&#8221; overlay_alpha=&#8221;50&#8243; shift_x=&#8221;0&#8243; shift_y=&#8221;0&#8243; shift_y_down=&#8221;0&#8243; z_index=&#8221;0&#8243; medium_width=&#8221;0&#8243; mobile_width=&#8221;0&#8243; width=&#8221;1\/1&#8243; column_width_pixel=&#8221;900&#8243;][vc_custom_heading heading_semantic=&#8221;h1&#8243; text_font=&#8221;font-329340&#8243; text_size=&#8221;fontsize-445851&#8243; text_weight=&#8221;300&#8243; text_height=&#8221;fontheight-179065&#8243; text_space=&#8221;fontspace-781688&#8243; css_animation=&#8221;top-t-bottom&#8221;]Ota yhteytt\u00e4[\/vc_custom_heading][\/vc_column_inner][\/vc_row_inner][vc_row_inner row_inner_height_percent=&#8221;0&#8243; overlay_alpha=&#8221;50&#8243; gutter_size=&#8221;3&#8243; shift_y=&#8221;0&#8243; z_index=&#8221;0&#8243;][vc_column_inner column_width_use_pixel=&#8221;yes&#8221; position_vertical=&#8221;middle&#8221; align_horizontal=&#8221;align_center&#8221; gutter_size=&#8221;3&#8243; style=&#8221;dark&#8221; overlay_alpha=&#8221;50&#8243; shift_x=&#8221;0&#8243; shift_y=&#8221;0&#8243; shift_y_down=&#8221;0&#8243; z_index=&#8221;0&#8243; medium_width=&#8221;0&#8243; mobile_width=&#8221;0&#8243; width=&#8221;1\/1&#8243; column_width_pixel=&#8221;740&#8243;][vc_custom_heading text_font=&#8221;font-329340&#8243; text_size=&#8221;h3&#8243; text_weight=&#8221;300&#8243; text_height=&#8221;fontheight-357766&#8243; text_space=&#8221;fontspace-781688&#8243; css_animation=&#8221;bottom-t-top&#8221; mobile_visibility=&#8221;yes&#8221;]Jos sinulla on kysymyksi\u00e4 tai huolenaiheita, l\u00e4het\u00e4 ne meille niin vastataan enemm\u00e4n kuin mielell\u00e4mme.[\/vc_custom_heading][vc_empty_space empty_h=&#8221;0&#8243; mobile_visibility=&#8221;yes&#8221;]\n<div class=\"wpcf7 no-js\" id=\"wpcf7-f61789-o1\" lang=\"en-US\" dir=\"ltr\" data-wpcf7-id=\"61789\">\n<div class=\"screen-reader-response\"><p role=\"status\" aria-live=\"polite\" aria-atomic=\"true\"><\/p> <ul><\/ul><\/div>\n<form action=\"\/fi\/wp-json\/wp\/v2\/pages\/65550#wpcf7-f61789-o1\" method=\"post\" class=\"wpcf7-form init\" aria-label=\"Contact form\" novalidate=\"novalidate\" data-status=\"init\">\n<fieldset class=\"hidden-fields-container\"><input type=\"hidden\" name=\"_wpcf7\" value=\"61789\" \/><input type=\"hidden\" name=\"_wpcf7_version\" value=\"6.1.5\" \/><input type=\"hidden\" name=\"_wpcf7_locale\" value=\"en_US\" \/><input type=\"hidden\" name=\"_wpcf7_unit_tag\" value=\"wpcf7-f61789-o1\" \/><input type=\"hidden\" name=\"_wpcf7_container_post\" value=\"0\" \/><input type=\"hidden\" name=\"_wpcf7_posted_data_hash\" value=\"\" \/><input type=\"hidden\" name=\"_wpcf7_recaptcha_response\" value=\"\" \/>\n<\/fieldset>\n<div class=\"wpcf7-inline-wrapper\">\n\t<p class=\"wpcf7-inline-field\"><span class=\"wpcf7-form-control-wrap\" data-name=\"email\"><input size=\"40\" maxlength=\"400\" class=\"wpcf7-form-control wpcf7-email wpcf7-validates-as-required wpcf7-text wpcf7-validates-as-email form-xl\" aria-required=\"true\" aria-invalid=\"false\" placeholder=\"S-posti (pakollinen)\" value=\"\" type=\"email\" name=\"email\" \/><\/span>\n\t<\/p>\n\t<p class=\"wpcf7-inline-field\"><span class=\"wpcf7-form-control-wrap\" data-name=\"phone\"><input size=\"40\" maxlength=\"400\" class=\"wpcf7-form-control wpcf7-text form-xl\" aria-invalid=\"false\" placeholder=\"Puhelinnumero\" value=\"\" type=\"text\" name=\"phone\" \/><\/span>\n\t<\/p>\n<\/div>\n<p class=\"wpcf7-inline-field\"><span class=\"wpcf7-form-control-wrap\" data-name=\"message\"><textarea cols=\"40\" rows=\"10\" maxlength=\"2000\" class=\"wpcf7-form-control wpcf7-textarea form-xl\" aria-invalid=\"false\" placeholder=\"Viesti\" name=\"message\"><\/textarea><\/span>\n<\/p>\n<div class=\"wpcf7-inline-wrapper\">\n\t<p class=\"wpcf7-field\"><br \/>\n<input class=\"wpcf7-form-control wpcf7-submit has-spinner btn btn-accent btn-lg btn-flat btn-shadow-sm form-fluid\" type=\"submit\" value=\"L\u00e4het\u00e4\" \/>\n\t<\/p>\n\t<p class=\"wpcf7-field\" style=\"text-align: center; font-style: italic;font-weight: normal;\"><br \/>\ntai\n\t<\/p>\n\t<p class=\"wpcf7-field\" style=\"margin-top: 5px;\"><br \/>\n<a href=\"tel:+358407061706\" class=\"btn btn-accent btn-lg btn-flat btn-shadow-sm\" style=\"width: 100% !important;margin-top: 5px !important;-webkit-transform: scale(1);-moz-transform: scale(1);-o-transform: scale(1);-ms-transform: scale(1);transform: scale(1);\">Soita<\/a>\n\t<\/p>\n\t<p class=\"wpcf7-field\" style=\"text-align: center; font-style: italic;font-weight: normal;\"><br \/>\ntai\n\t<\/p>\n\t<p class=\"wpcf7-field\" style=\"margin-top: 5px;\"><br \/>\n<a href=\"https:\/\/wa.me\/358407061706\" class=\"btn btn-accent btn-lg btn-flat btn-shadow-sm\" style=\"width: 100% !important;margin-top: 5px !important;-webkit-transform: scale(1);-moz-transform: scale(1);-o-transform: scale(1);-ms-transform: scale(1);transform: scale(1);\">L\u00e4het\u00e4 Whatsapp viesti<\/a>\n\t<\/p>\n<\/div><div class=\"wpcf7-response-output\" aria-hidden=\"true\"><\/div>\n<\/form>\n<\/div>\n[\/vc_column_inner][\/vc_row_inner][\/vc_column][\/vc_row][vc_row unlock_row_content=&#8221;yes&#8221; row_height_percent=&#8221;0&#8243; override_padding=&#8221;yes&#8221; h_padding=&#8221;0&#8243; top_padding=&#8221;0&#8243; bottom_padding=&#8221;0&#8243; overlay_alpha=&#8221;50&#8243; gutter_size=&#8221;3&#8243; column_width_percent=&#8221;100&#8243; shift_y=&#8221;0&#8243; z_index=&#8221;0&#8243; css=&#8221;.vc_custom_1517783149058{margin-bottom: -18px !important;}&#8221;][vc_column width=&#8221;1\/1&#8243;][vc_gmaps map_color=&#8221;color-vyce&#8221; ui_color=&#8221;color-210407&#8243; zoom=&#8221;14&#8243; map_saturation=&#8221;-25&#8243; map_brightness=&#8221;0&#8243; latlon=&#8221;63.159744, 21.680903&#8243; size=&#8221;350&#8243;][\/vc_column][\/vc_row]<\/p>\n<\/div>","protected":false},"excerpt":{"rendered":"<p>[vc_row unlock_row_content=&#8221;yes&#8221; row_height_percent=&#8221;10&#8243; override_padding=&#8221;yes&#8221; h_padding=&#8221;7&#8243; top_padding=&#8221;6&#8243; bottom_padding=&#8221;6&#8243; back_color=&#8221;color-rgdb&#8221; overlay_alpha=&#8221;50&#8243; equal_height=&#8221;yes&#8221; gutter_size=&#8221;0&#8243; column_width_percent=&#8221;100&#8243; shift_y=&#8221;0&#8243; z_index=&#8221;0&#8243; el_class=&#8221;gradient portfolio&#8221; row_name=&#8221;Tuotteet&#8221; uncode_shortcode_id=&#8221;149108&#8243; back_color_type=&#8221;uncode-palette&#8221; shape_dividers=&#8221;&#8221;][vc_column [&hellip;]<\/p>\n","protected":false},"author":1,"featured_media":0,"parent":0,"menu_order":0,"comment_status":"closed","ping_status":"closed","template":"","meta":{"footnotes":""},"class_list":["post-65550","page","type-page","status-publish","hentry"],"_links":{"self":[{"href":"https:\/\/www.carputec.com\/fi\/wp-json\/wp\/v2\/pages\/65550","targetHints":{"allow":["GET"]}}],"collection":[{"href":"https:\/\/www.carputec.com\/fi\/wp-json\/wp\/v2\/pages"}],"about":[{"href":"https:\/\/www.carputec.com\/fi\/wp-json\/wp\/v2\/types\/page"}],"author":[{"embeddable":true,"href":"https:\/\/www.carputec.com\/fi\/wp-json\/wp\/v2\/users\/1"}],"replies":[{"embeddable":true,"href":"https:\/\/www.carputec.com\/fi\/wp-json\/wp\/v2\/comments?post=65550"}],"version-history":[{"count":2,"href":"https:\/\/www.carputec.com\/fi\/wp-json\/wp\/v2\/pages\/65550\/revisions"}],"predecessor-version":[{"id":90977,"href":"https:\/\/www.carputec.com\/fi\/wp-json\/wp\/v2\/pages\/65550\/revisions\/90977"}],"wp:attachment":[{"href":"https:\/\/www.carputec.com\/fi\/wp-json\/wp\/v2\/media?parent=65550"}],"curies":[{"name":"wp","href":"https:\/\/api.w.org\/{rel}","templated":true}]}}